{"id":916,"date":"2024-06-19T14:22:11","date_gmt":"2024-06-19T14:22:11","guid":{"rendered":"https:\/\/atelier-piontek.de\/?post_type=product&#038;p=916"},"modified":"2024-06-19T14:31:56","modified_gmt":"2024-06-19T14:31:56","slug":"colourful-clouds-pink-xs","status":"publish","type":"product","link":"https:\/\/atelier-piontek.de\/index.php\/produkt\/colourful-clouds-pink-xs\/","title":{"rendered":"Colourful Clouds Pink XS"},"content":{"rendered":"<p>Inkl. Rahmen und Passepartout, schmale Metallkante mit einem Profil<\/p>\n<p>Ma\u00dfe inkl. Rahmen: 32cm x 32cm<\/p>\n<p>Ma\u00dfe Passepartout: 20cm x 20cm<\/p>\n<p>Ma\u00dfe Bild: 25cm x 25cm<\/p>\n","protected":false},"excerpt":{"rendered":"<p>Inkl. Rahmen und Passepartout, schmale Metallkante mit einem Profil Ma\u00dfe inkl. Rahmen: 32cm x 32cm Ma\u00dfe Passepartout: 20cm x 20cm Ma\u00dfe Bild: 25cm x 25cm<\/p>\n","protected":false},"featured_media":909,"comment_status":"open","ping_status":"closed","template":"","meta":{"_jet_sm_ready_style":"","_jet_sm_style":"","_jet_sm_controls_values":"","_jet_sm_fonts_collection":"","_jet_sm_fonts_links":""},"product_brand":[],"product_cat":[51],"product_tag":[],"class_list":{"0":"post-916","1":"product","2":"type-product","3":"status-publish","4":"has-post-thumbnail","6":"product_cat-clouds","7":"product_shipping_class-standard","9":"first","10":"instock","11":"sold-individually","12":"shipping-taxable","13":"purchasable","14":"product-type-simple"},"jetpack_sharing_enabled":true,"_links":{"self":[{"href":"https:\/\/atelier-piontek.de\/index.php\/wp-json\/wp\/v2\/product\/916","targetHints":{"allow":["GET"]}}],"collection":[{"href":"https:\/\/atelier-piontek.de\/index.php\/wp-json\/wp\/v2\/product"}],"about":[{"href":"https:\/\/atelier-piontek.de\/index.php\/wp-json\/wp\/v2\/types\/product"}],"replies":[{"embeddable":true,"href":"https:\/\/atelier-piontek.de\/index.php\/wp-json\/wp\/v2\/comments?post=916"}],"wp:featuredmedia":[{"embeddable":true,"href":"https:\/\/atelier-piontek.de\/index.php\/wp-json\/wp\/v2\/media\/909"}],"wp:attachment":[{"href":"https:\/\/atelier-piontek.de\/index.php\/wp-json\/wp\/v2\/media?parent=916"}],"wp:term":[{"taxonomy":"product_brand","embeddable":true,"href":"https:\/\/atelier-piontek.de\/index.php\/wp-json\/wp\/v2\/product_brand?post=916"},{"taxonomy":"product_cat","embeddable":true,"href":"https:\/\/atelier-piontek.de\/index.php\/wp-json\/wp\/v2\/product_cat?post=916"},{"taxonomy":"product_tag","embeddable":true,"href":"https:\/\/atelier-piontek.de\/index.php\/wp-json\/wp\/v2\/product_tag?post=916"}],"curies":[{"name":"wp","href":"https:\/\/api.w.org\/{rel}","templated":true}]}}