{"id":157,"date":"2022-11-02T14:07:05","date_gmt":"2022-11-02T14:07:05","guid":{"rendered":"https:\/\/atelier-piontek.de\/index.php\/widerrufsbelehrung\/"},"modified":"2024-06-08T12:47:14","modified_gmt":"2024-06-08T12:47:14","slug":"widerrufsbelehrung","status":"publish","type":"page","link":"https:\/\/atelier-piontek.de\/index.php\/widerrufsbelehrung\/","title":{"rendered":"Widerrufsbelehrung"},"content":{"rendered":"\t\t<div data-elementor-type=\"wp-page\" data-elementor-id=\"157\" class=\"elementor elementor-157\" data-elementor-post-type=\"page\">\n\t\t\t\t\t\t<section class=\"elementor-section elementor-top-section elementor-element elementor-element-5ee88e8 elementor-section-boxed elementor-section-height-default elementor-section-height-default\" data-id=\"5ee88e8\" data-element_type=\"section\" data-e-type=\"section\">\n\t\t\t\t\t\t<div class=\"elementor-container elementor-column-gap-default\">\n\t\t\t\t\t<div class=\"elementor-column elementor-col-100 elementor-top-column elementor-element elementor-element-22295ec\" data-id=\"22295ec\" data-element_type=\"column\" data-e-type=\"column\">\n\t\t\t<div class=\"elementor-widget-wrap elementor-element-populated\">\n\t\t\t\t\t\t<div class=\"elementor-element elementor-element-23b5ea2 elementor-widget elementor-widget-text-editor\" data-id=\"23b5ea2\" data-element_type=\"widget\" data-e-type=\"widget\" data-widget_type=\"text-editor.default\">\n\t\t\t\t<div class=\"elementor-widget-container\">\n\t\t\t\t\t\t\t\t\t<p>\u00a76 Widerrufsrecht des Kunden als Verbraucher:<\/p><p>Widerrufsrecht f\u00fcr Verbraucher<\/p><p>Verbrauchern steht ein Widerrufsrecht nach folgender Ma\u00dfgabe zu, wobei Verbraucher jede nat\u00fcrliche Person ist, die ein Rechtsgesch\u00e4ft zu Zwecken abschlie\u00dft, die \u00fcberwiegend weder ihrer gewerblichen noch ihrer selbst\u00e4ndigen beruflichen T\u00e4tigkeit zugerechnet werden k\u00f6nnen:<\/p><p>Widerrufsbelehrung<\/p><p>Widerrufsrecht<\/p><p>Sie haben das Recht, binnen vierzehn Tagen ohne Angabe von Gr\u00fcnden diesen Vertrag zu widerrufen.<\/p><p>Die Widerrufsfrist betr\u00e4gt vierzehn Tage, ab dem Tag, an dem Sie oder ein von Ihnen benannter Dritter, der nicht der Bef\u00f6rderer ist, die Waren in Besitz genommen haben bzw. hat.<\/p><p>Um Ihr Widerrufsrecht auszu\u00fcben, m\u00fcssen Sie<\/p><p>Monika Piontek Bergmann<br \/>Scholtenhofstr. 16<br \/>47119 Duisburg<br \/>Deutschland<br \/>0177 \/ 2326831<br \/>hey@atelier-piontek.de<\/p><p>mittels einer eindeutigen Erkl\u00e4rung (z.B. ein mit der Post versandter Brief, Telefax oder E-Mail) \u00fcber Ihren Entschluss, diesen Vertrag zu widerrufen, informieren. Sie k\u00f6nnen daf\u00fcr das beigef\u00fcgte Muster-Widerrufsformular verwenden, das jedoch nicht vorgeschrieben ist.<\/p><p>Widerrufsfolgen<\/p><p>Wenn Sie diesen Vertrag widerrufen, habe ich Ihnen alle Zahlungen, die\u00a0ich von Ihnen erhalten habe, exklusive der Lieferkosten, unverz\u00fcglich und sp\u00e4testens binnen vierzehn Tagen ab dem Tag zur\u00fcckzuzahlen, an dem die Mitteilung \u00fcber Ihren Widerruf dieses Vertrags bei\u00a0mir eingegangen ist. F\u00fcr diese R\u00fcckzahlung verwende\u00a0ich dasselbe Zahlungsmittel, das Sie bei der urspr\u00fcnglichen Transaktion eingesetzt haben, es sei denn, mit Ihnen wurde ausdr\u00fccklich etwas anderes vereinbart; in keinem Fall werden Ihnen wegen dieser R\u00fcckzahlung Entgelte berechnet.<\/p><p>Ich\u00a0kann die R\u00fcckzahlung verweigern, bis\u00a0ich die Waren wieder zur\u00fcckerhalten haben oder bis Sie den Nachweis erbracht haben, dass Sie die Waren zur\u00fcckgesandt haben, je nachdem, welches der fr\u00fchere Zeitpunkt ist.<\/p><p>Sie haben die Waren unverz\u00fcglich und in jedem Fall sp\u00e4testens binnen vierzehn Tagen ab dem Tag, an dem Sie uns \u00fcber den Widerruf dieses Vertrages unterrichten, an\u00a0mich zur\u00fcckzusenden oder zu \u00fcbergeben. Die Frist ist gewahrt, wenn Sie die Waren vor Ablauf der Frist von vierzehn Tagen absenden.<\/p><p>Sie tragen die unmittelbaren Kosten der R\u00fccksendung der Waren. Die Ware muss in der Original-Versandverpackung zur\u00fcckgeschickt werden.<\/p><p>Ausschluss des Widerrufsrechtes<br \/>Das Widerrufsrecht besteht nicht bei Vertr\u00e4gen<\/p><p>\u2212 zur Lieferung von Waren, die nicht vorgefertigt sind und f\u00fcr deren Herstellung eine individuelle Auswahl oder Bestimmung durch den Verbraucher ma\u00dfgeblich ist oder die eindeutig auf die pers\u00f6nlichen Bed\u00fcrfnisse des Verbrauchers zugeschnitten sind<\/p><p>Ende der Widerrufsbelehrung<\/p><p>****************************************************************************************************<\/p><p>\u00a77 Widerrufsformular<\/p><p>Muster-Widerrufsformular<br \/>(Wenn Sie den Vertrag widerrufen wollen, dann f\u00fcllen Sie bitte dieses Formular aus und senden Sie es zur\u00fcck.)<br \/>An:<\/p><p>Monika Piontek Bergmann<br \/>Scholtenhofstr. 16<br \/>47119 Duisburg<br \/>Deutschland<br \/>0177 \/ 2326831<br \/>hey@atelier-piontek.de<\/p><p>Hiermit widerrufe(n) ich\/wir (*) den von mir\/uns (*) abgeschlossenen Vertrag \u00fcber den Kauf der folgenden Waren (*)\/die Erbringung der folgenden Dienstleistung (*)<\/p><p>_____________________________________________________<\/p><p>Bestellt am (*)\/erhalten am (*)<\/p><p>__________________<\/p><p>Name des\/der Verbraucher(s)<\/p><p>_____________________________________________________<\/p><p>Anschrift des\/der Verbraucher(s)<\/p><p>_____________________________________________________<\/p><p>Unterschrift des\/der Verbraucher(s) (nur bei Mitteilung auf Papier)<\/p><p>__________________<\/p><p>Datum<\/p><p>__________________<\/p><p>(*) Unzutreffendes streichen.<\/p><p>\u00a78 Gew\u00e4hrleistung<br \/>Es gelten die gesetzlichen Gew\u00e4hrleistungsregelungen.<\/p><p>\u00a79 Vertragssprache<br \/>Als Vertragssprache steht ausschlie\u00dflich Deutsch zur Verf\u00fcgung.<\/p>\t\t\t\t\t\t\t\t<\/div>\n\t\t\t\t<\/div>\n\t\t\t\t\t<\/div>\n\t\t<\/div>\n\t\t\t\t\t<\/div>\n\t\t<\/section>\n\t\t\t\t<\/div>\n\t\t","protected":false},"excerpt":{"rendered":"<p>\u00a76 Widerrufsrecht des Kunden als Verbraucher: Widerrufsrecht f\u00fcr Verbraucher Verbrauchern steht ein Widerrufsrecht nach folgender Ma\u00dfgabe zu, wobei Verbraucher jede nat\u00fcrliche Person ist, die ein Rechtsgesch\u00e4ft zu Zwecken abschlie\u00dft, die \u00fcberwiegend weder ihrer gewerblichen noch ihrer selbst\u00e4ndigen beruflichen T\u00e4tigkeit zugerechnet werden k\u00f6nnen: Widerrufsbelehrung Widerrufsrecht Sie haben das Recht, binnen vierzehn Tagen ohne Angabe von Gr\u00fcnden [&hellip;]<\/p>\n","protected":false},"author":1,"featured_media":0,"parent":0,"menu_order":0,"comment_status":"closed","ping_status":"closed","template":"","meta":{"_jet_sm_ready_style":"","_jet_sm_style":"","_jet_sm_controls_values":"","_jet_sm_fonts_collection":"","_jet_sm_fonts_links":"","footnotes":""},"class_list":["post-157","page","type-page","status-publish","hentry"],"jetpack_sharing_enabled":true,"_links":{"self":[{"href":"https:\/\/atelier-piontek.de\/index.php\/wp-json\/wp\/v2\/pages\/157","targetHints":{"allow":["GET"]}}],"collection":[{"href":"https:\/\/atelier-piontek.de\/index.php\/wp-json\/wp\/v2\/pages"}],"about":[{"href":"https:\/\/atelier-piontek.de\/index.php\/wp-json\/wp\/v2\/types\/page"}],"author":[{"embeddable":true,"href":"https:\/\/atelier-piontek.de\/index.php\/wp-json\/wp\/v2\/users\/1"}],"replies":[{"embeddable":true,"href":"https:\/\/atelier-piontek.de\/index.php\/wp-json\/wp\/v2\/comments?post=157"}],"version-history":[{"count":6,"href":"https:\/\/atelier-piontek.de\/index.php\/wp-json\/wp\/v2\/pages\/157\/revisions"}],"predecessor-version":[{"id":524,"href":"https:\/\/atelier-piontek.de\/index.php\/wp-json\/wp\/v2\/pages\/157\/revisions\/524"}],"wp:attachment":[{"href":"https:\/\/atelier-piontek.de\/index.php\/wp-json\/wp\/v2\/media?parent=157"}],"curies":[{"name":"wp","href":"https:\/\/api.w.org\/{rel}","templated":true}]}}